{"id":20,"date":"2025-10-30T00:22:42","date_gmt":"2025-10-30T00:22:42","guid":{"rendered":"https:\/\/www.pabloalvarezcabanillas.com\/?page_id=20"},"modified":"2025-10-30T20:00:46","modified_gmt":"2025-10-30T20:00:46","slug":"20-2","status":"publish","type":"page","link":"https:\/\/www.pabloalvarezcabanillas.com\/fr\/","title":{"rendered":"P\u00e1gina principal"},"content":{"rendered":"<p>[et_pb_section fb_built=&#8221;1&#8243; _builder_version=&#8221;4.27.4&#8243; _module_preset=&#8221;default&#8221; background_image=&#8221;https:\/\/www.pabloalvarezcabanillas.com\/wp-content\/uploads\/2025\/10\/304718-Ahiru-no-Sora-Anime-Characters-4K-1-scaled.png&#8221; parallax=&#8221;on&#8221; parallax_method=&#8221;off&#8221; min_height=&#8221;1073px&#8221; custom_margin=&#8221;||-135px|||&#8221; custom_padding=&#8221;||389px|||&#8221; scroll_vertical_motion=&#8221;0|10|90|100|4.5|0|-2&#8243; scroll_fade=&#8221;0|10|50|100|100%|100|0%&#8221; global_colors_info=&#8221;{}&#8221;][et_pb_row _builder_version=&#8221;4.27.4&#8243; _module_preset=&#8221;default&#8221; parallax=&#8221;on&#8221; parallax_method=&#8221;off&#8221; global_colors_info=&#8221;{}&#8221;][et_pb_column type=&#8221;4_4&#8243; _builder_version=&#8221;4.27.4&#8243; _module_preset=&#8221;default&#8221; global_colors_info=&#8221;{}&#8221;][et_pb_image src=&#8221;https:\/\/www.pabloalvarezcabanillas.com\/wp-content\/uploads\/2025\/10\/pablolvarez-high-resolution-logo-transparent.png&#8221; title_text=&#8221;pablolvarez-high-resolution-logo-transparent&#8221; _builder_version=&#8221;4.27.4&#8243; _module_preset=&#8221;default&#8221; custom_margin=&#8221;117px||-213px|||&#8221; custom_padding=&#8221;0px||0px|||&#8221; scroll_vertical_motion_enable=&#8221;on&#8221; scroll_vertical_motion=&#8221;0|10|90|100|4|0|-2&#8243; scroll_fade=&#8221;0|10|50|100|100%|100|0%&#8221; global_colors_info=&#8221;{}&#8221;][\/et_pb_image][\/et_pb_column][\/et_pb_row][et_pb_row _builder_version=&#8221;4.27.4&#8243; _module_preset=&#8221;default&#8221; scroll_vertical_motion_enable=&#8221;on&#8221; scroll_vertical_motion=&#8221;0|10|90|100|4|0|-2&#8243; scroll_fade_enable=&#8221;on&#8221; scroll_fade=&#8221;0|10|50|100|100%|100|0%&#8221; global_colors_info=&#8221;{}&#8221;][et_pb_column type=&#8221;4_4&#8243; _builder_version=&#8221;4.27.4&#8243; _module_preset=&#8221;default&#8221; global_colors_info=&#8221;{}&#8221;][et_pb_text _builder_version=&#8221;4.27.4&#8243; _module_preset=&#8221;default&#8221; text_font=&#8221;Montserrat||||||||&#8221; text_text_color=&#8221;#000000&#8243; text_font_size=&#8221;50px&#8221; width=&#8221;100%&#8221; min_height=&#8221;115.8px&#8221; custom_margin=&#8221;157px|||||&#8221; custom_padding=&#8221;181px||0px|301px||&#8221; custom_css_free_form=&#8221;font-size: 60px;||&#8221; border_color_all=&#8221;RGBA(255,255,255,0)&#8221; global_colors_info=&#8221;{}&#8221;]<\/p>\n<p><strong><span style=\"color: #000000;\">Tu dosis diaria de anime<\/span><\/strong><\/p>\n<p>[\/et_pb_text][\/et_pb_column][\/et_pb_row][\/et_pb_section][et_pb_section fb_built=&#8221;1&#8243; _builder_version=&#8221;4.27.4&#8243; _module_preset=&#8221;default&#8221; background_enable_image=&#8221;off&#8221; background_video_mp4=&#8221;https:\/\/www.pabloalvarezcabanillas.com\/wp-content\/uploads\/2025\/10\/YTDown.com_YouTube_Ahiru-no-Sora-Opening-HD_Media_Tcgu_uoOmxI_001_1080p-1.mp4&#8243; global_colors_info=&#8221;{}&#8221;][et_pb_row _builder_version=&#8221;4.27.4&#8243; _module_preset=&#8221;default&#8221; global_colors_info=&#8221;{}&#8221;][et_pb_column type=&#8221;4_4&#8243; _builder_version=&#8221;4.27.4&#8243; _module_preset=&#8221;default&#8221; global_colors_info=&#8221;{}&#8221;][et_pb_text _builder_version=&#8221;4.27.4&#8243; _module_preset=&#8221;default&#8221; text_font=&#8221;Montserrat||||||||&#8221; text_text_color=&#8221;#000000&#8243; text_font_size=&#8221;57px&#8221; global_colors_info=&#8221;{}&#8221;]<\/p>\n<p style=\"text-align: center;\"><span style=\"color: #33cccc;\">\u00daLTIMAS NOTICIAS<\/span><\/p>\n<p>[\/et_pb_text][\/et_pb_column][\/et_pb_row][et_pb_row column_structure=&#8221;1_5,3_5,1_5&#8243; _builder_version=&#8221;4.27.4&#8243; _module_preset=&#8221;default&#8221; global_colors_info=&#8221;{}&#8221;][et_pb_column type=&#8221;1_5&#8243; _builder_version=&#8221;4.27.4&#8243; _module_preset=&#8221;default&#8221; global_colors_info=&#8221;{}&#8221;][et_pb_blog fullwidth=&#8221;off&#8221; posts_number=&#8221;2&#8243; include_categories=&#8221;4&#8243; show_date=&#8221;off&#8221; show_categories=&#8221;off&#8221; show_excerpt=&#8221;off&#8221; show_pagination=&#8221;off&#8221; _builder_version=&#8221;4.27.4&#8243; _module_preset=&#8221;default&#8221; header_font=&#8221;Montserrat||||||||&#8221; header_font_size=&#8221;15px&#8221; global_colors_info=&#8221;{}&#8221;][\/et_pb_blog][\/et_pb_column][et_pb_column type=&#8221;3_5&#8243; _builder_version=&#8221;4.27.4&#8243; _module_preset=&#8221;default&#8221; global_colors_info=&#8221;{}&#8221;][et_pb_blog fullwidth=&#8221;off&#8221; include_categories=&#8221;5&#8243; show_date=&#8221;off&#8221; show_categories=&#8221;off&#8221; show_excerpt=&#8221;off&#8221; show_pagination=&#8221;off&#8221; _builder_version=&#8221;4.27.4&#8243; _module_preset=&#8221;default&#8221; global_colors_info=&#8221;{}&#8221;][\/et_pb_blog][\/et_pb_column][et_pb_column type=&#8221;1_5&#8243; _builder_version=&#8221;4.27.4&#8243; _module_preset=&#8221;default&#8221; global_colors_info=&#8221;{}&#8221;][et_pb_blog fullwidth=&#8221;off&#8221; posts_number=&#8221;2&#8243; include_categories=&#8221;7&#8243; show_date=&#8221;off&#8221; show_categories=&#8221;off&#8221; show_excerpt=&#8221;off&#8221; show_pagination=&#8221;off&#8221; _builder_version=&#8221;4.27.4&#8243; _module_preset=&#8221;default&#8221; header_font=&#8221;Montserrat||||||||&#8221; header_font_size=&#8221;15px&#8221; global_colors_info=&#8221;{}&#8221;][\/et_pb_blog][\/et_pb_column][\/et_pb_row][\/et_pb_section]<\/p>","protected":false},"excerpt":{"rendered":"<p>Tu dosis diaria de anime\u00daLTIMAS NOTICIAS<\/p>","protected":false},"author":1,"featured_media":0,"parent":0,"menu_order":0,"comment_status":"closed","ping_status":"closed","template":"","meta":{"_et_pb_use_builder":"on","_et_pb_old_content":"","_et_gb_content_width":"","footnotes":""},"class_list":["post-20","page","type-page","status-publish","hentry"],"yoast_head":"<!-- This site is optimized with the Yoast SEO plugin v26.2 - https:\/\/yoast.com\/wordpress\/plugins\/seo\/ -->\n<title>P\u00e1gina principal - Pablo \u00c1lvarez<\/title>\n<meta name=\"robots\" content=\"index, follow, max-snippet:-1, max-image-preview:large, max-video-preview:-1\" \/>\n<link rel=\"canonical\" href=\"https:\/\/www.pabloalvarezcabanillas.com\/fr\/\" \/>\n<meta property=\"og:locale\" content=\"fr_FR\" \/>\n<meta property=\"og:type\" content=\"article\" \/>\n<meta property=\"og:title\" content=\"P\u00e1gina principal - Pablo \u00c1lvarez\" \/>\n<meta property=\"og:description\" content=\"Tu dosis diaria de anime\u00daLTIMAS NOTICIAS\" \/>\n<meta property=\"og:url\" content=\"https:\/\/www.pabloalvarezcabanillas.com\/fr\/\" \/>\n<meta property=\"og:site_name\" content=\"Pablo \u00c1lvarez\" \/>\n<meta property=\"article:modified_time\" content=\"2025-10-30T20:00:46+00:00\" \/>\n<meta name=\"twitter:card\" content=\"summary_large_image\" \/>\n<meta name=\"twitter:label1\" content=\"Dur\u00e9e de lecture estim\u00e9e\" \/>\n\t<meta name=\"twitter:data1\" content=\"2 minutes\" \/>\n<script type=\"application\/ld+json\" class=\"yoast-schema-graph\">{\"@context\":\"https:\/\/schema.org\",\"@graph\":[{\"@type\":\"WebPage\",\"@id\":\"https:\/\/www.pabloalvarezcabanillas.com\/\",\"url\":\"https:\/\/www.pabloalvarezcabanillas.com\/\",\"name\":\"P\u00e1gina principal - Pablo \u00c1lvarez\",\"isPartOf\":{\"@id\":\"https:\/\/www.pabloalvarezcabanillas.com\/#website\"},\"datePublished\":\"2025-10-30T00:22:42+00:00\",\"dateModified\":\"2025-10-30T20:00:46+00:00\",\"breadcrumb\":{\"@id\":\"https:\/\/www.pabloalvarezcabanillas.com\/#breadcrumb\"},\"inLanguage\":\"fr-FR\",\"potentialAction\":[{\"@type\":\"ReadAction\",\"target\":[\"https:\/\/www.pabloalvarezcabanillas.com\/\"]}]},{\"@type\":\"BreadcrumbList\",\"@id\":\"https:\/\/www.pabloalvarezcabanillas.com\/#breadcrumb\",\"itemListElement\":[{\"@type\":\"ListItem\",\"position\":1,\"name\":\"Portada\",\"item\":\"https:\/\/www.pabloalvarezcabanillas.com\/\"},{\"@type\":\"ListItem\",\"position\":2,\"name\":\"P\u00e1gina principal\"}]},{\"@type\":\"WebSite\",\"@id\":\"https:\/\/www.pabloalvarezcabanillas.com\/#website\",\"url\":\"https:\/\/www.pabloalvarezcabanillas.com\/\",\"name\":\"Pablo \u00c1lvarez\",\"description\":\"Web de Pablo\",\"potentialAction\":[{\"@type\":\"SearchAction\",\"target\":{\"@type\":\"EntryPoint\",\"urlTemplate\":\"https:\/\/www.pabloalvarezcabanillas.com\/?s={search_term_string}\"},\"query-input\":{\"@type\":\"PropertyValueSpecification\",\"valueRequired\":true,\"valueName\":\"search_term_string\"}}],\"inLanguage\":\"fr-FR\"}]}<\/script>\n<!-- \/ Yoast SEO plugin. -->","yoast_head_json":{"title":"P\u00e1gina principal - Pablo \u00c1lvarez","robots":{"index":"index","follow":"follow","max-snippet":"max-snippet:-1","max-image-preview":"max-image-preview:large","max-video-preview":"max-video-preview:-1"},"canonical":"https:\/\/www.pabloalvarezcabanillas.com\/fr\/","og_locale":"fr_FR","og_type":"article","og_title":"P\u00e1gina principal - Pablo \u00c1lvarez","og_description":"Tu dosis diaria de anime\u00daLTIMAS NOTICIAS","og_url":"https:\/\/www.pabloalvarezcabanillas.com\/fr\/","og_site_name":"Pablo \u00c1lvarez","article_modified_time":"2025-10-30T20:00:46+00:00","twitter_card":"summary_large_image","twitter_misc":{"Dur\u00e9e de lecture estim\u00e9e":"2 minutes"},"schema":{"@context":"https:\/\/schema.org","@graph":[{"@type":"WebPage","@id":"https:\/\/www.pabloalvarezcabanillas.com\/","url":"https:\/\/www.pabloalvarezcabanillas.com\/","name":"P\u00e1gina principal - Pablo \u00c1lvarez","isPartOf":{"@id":"https:\/\/www.pabloalvarezcabanillas.com\/#website"},"datePublished":"2025-10-30T00:22:42+00:00","dateModified":"2025-10-30T20:00:46+00:00","breadcrumb":{"@id":"https:\/\/www.pabloalvarezcabanillas.com\/#breadcrumb"},"inLanguage":"fr-FR","potentialAction":[{"@type":"ReadAction","target":["https:\/\/www.pabloalvarezcabanillas.com\/"]}]},{"@type":"BreadcrumbList","@id":"https:\/\/www.pabloalvarezcabanillas.com\/#breadcrumb","itemListElement":[{"@type":"ListItem","position":1,"name":"Portada","item":"https:\/\/www.pabloalvarezcabanillas.com\/"},{"@type":"ListItem","position":2,"name":"P\u00e1gina principal"}]},{"@type":"WebSite","@id":"https:\/\/www.pabloalvarezcabanillas.com\/#website","url":"https:\/\/www.pabloalvarezcabanillas.com\/","name":"Pablo \u00c1lvarez","description":"Web de Pablo","potentialAction":[{"@type":"SearchAction","target":{"@type":"EntryPoint","urlTemplate":"https:\/\/www.pabloalvarezcabanillas.com\/?s={search_term_string}"},"query-input":{"@type":"PropertyValueSpecification","valueRequired":true,"valueName":"search_term_string"}}],"inLanguage":"fr-FR"}]}},"_links":{"self":[{"href":"https:\/\/www.pabloalvarezcabanillas.com\/fr\/wp-json\/wp\/v2\/pages\/20","targetHints":{"allow":["GET"]}}],"collection":[{"href":"https:\/\/www.pabloalvarezcabanillas.com\/fr\/wp-json\/wp\/v2\/pages"}],"about":[{"href":"https:\/\/www.pabloalvarezcabanillas.com\/fr\/wp-json\/wp\/v2\/types\/page"}],"author":[{"embeddable":true,"href":"https:\/\/www.pabloalvarezcabanillas.com\/fr\/wp-json\/wp\/v2\/users\/1"}],"replies":[{"embeddable":true,"href":"https:\/\/www.pabloalvarezcabanillas.com\/fr\/wp-json\/wp\/v2\/comments?post=20"}],"version-history":[{"count":15,"href":"https:\/\/www.pabloalvarezcabanillas.com\/fr\/wp-json\/wp\/v2\/pages\/20\/revisions"}],"predecessor-version":[{"id":190,"href":"https:\/\/www.pabloalvarezcabanillas.com\/fr\/wp-json\/wp\/v2\/pages\/20\/revisions\/190"}],"wp:attachment":[{"href":"https:\/\/www.pabloalvarezcabanillas.com\/fr\/wp-json\/wp\/v2\/media?parent=20"}],"curies":[{"name":"wp","href":"https:\/\/api.w.org\/{rel}","templated":true}]}}