{"id":132,"date":"2025-10-30T18:08:36","date_gmt":"2025-10-30T18:08:36","guid":{"rendered":"https:\/\/www.pabloalvarezcabanillas.com\/?page_id=132"},"modified":"2025-10-30T18:09:18","modified_gmt":"2025-10-30T18:09:18","slug":"sobre-mi","status":"publish","type":"page","link":"https:\/\/www.pabloalvarezcabanillas.com\/fr\/sobre-mi\/","title":{"rendered":"Sobre m\u00ed"},"content":{"rendered":"<p>[et_pb_section fb_built=&#8221;1&#8243; admin_label=&#8221;Header&#8221; _builder_version=&#8221;4.16&#8243; _module_preset=&#8221;default&#8221; background_color=&#8221;#FBF9F4&#8243; custom_padding=&#8221;||0px|||&#8221; global_colors_info=&#8221;{}&#8221;][et_pb_row _builder_version=&#8221;4.16&#8243; _module_preset=&#8221;default&#8221; global_colors_info=&#8221;{}&#8221;][et_pb_column type=&#8221;4_4&#8243; _builder_version=&#8221;4.16&#8243; _module_preset=&#8221;default&#8221; global_colors_info=&#8221;{}&#8221;][et_pb_text _builder_version=&#8221;4.16&#8243; _module_preset=&#8221;e598b17a-9229-42f6-b238-019d6094332e&#8221; header_font=&#8221;Vidaloka||||||||&#8221; header_text_align=&#8221;center&#8221; header_text_color=&#8221;#161616&#8243; header_font_size=&#8221;60px&#8221; header_line_height=&#8221;1.15em&#8221; custom_margin=&#8221;-75px||-1px||false|false&#8221; custom_padding=&#8221;0px|||||&#8221; header_font_size_tablet=&#8221;40px&#8221; header_font_size_phone=&#8221;24px&#8221; header_font_size_last_edited=&#8221;on|desktop&#8221; locked=&#8221;off&#8221; global_colors_info=&#8221;{}&#8221;]<\/p>\n<div id=\"ez-toc-container\" class=\"ez-toc-v2_0_80 counter-hierarchy ez-toc-counter ez-toc-grey ez-toc-container-direction\">\n<div class=\"ez-toc-title-container\">\n<p class=\"ez-toc-title\" style=\"cursor:inherit\">Table of Contents<\/p>\n<span class=\"ez-toc-title-toggle\"><a href=\"#\" class=\"ez-toc-pull-right ez-toc-btn ez-toc-btn-xs ez-toc-btn-default ez-toc-toggle\" aria-label=\"Toggle Table of Content\"><span class=\"ez-toc-js-icon-con\"><span class=\"\"><span class=\"eztoc-hide\" style=\"display:none;\">Toggle<\/span><span class=\"ez-toc-icon-toggle-span\"><svg style=\"fill: #999;color:#999\" xmlns=\"http:\/\/www.w3.org\/2000\/svg\" class=\"list-377408\" width=\"20px\" height=\"20px\" viewbox=\"0 0 24 24\" fill=\"none\"><path d=\"M6 6H4v2h2V6zm14 0H8v2h12V6zM4 11h2v2H4v-2zm16 0H8v2h12v-2zM4 16h2v2H4v-2zm16 0H8v2h12v-2z\" fill=\"currentColor\"><\/path><\/svg><svg style=\"fill: #999;color:#999\" class=\"arrow-unsorted-368013\" xmlns=\"http:\/\/www.w3.org\/2000\/svg\" width=\"10px\" height=\"10px\" viewbox=\"0 0 24 24\" version=\"1.2\" baseprofile=\"tiny\"><path d=\"M18.2 9.3l-6.2-6.3-6.2 6.3c-.2.2-.3.4-.3.7s.1.5.3.7c.2.2.4.3.7.3h11c.3 0 .5-.1.7-.3.2-.2.3-.5.3-.7s-.1-.5-.3-.7zM5.8 14.7l6.2 6.3 6.2-6.3c.2-.2.3-.5.3-.7s-.1-.5-.3-.7c-.2-.2-.4-.3-.7-.3h-11c-.3 0-.5.1-.7.3-.2.2-.3.5-.3.7s.1.5.3.7z\"\/><\/svg><\/span><\/span><\/span><\/a><\/span><\/div>\n<nav><ul class='ez-toc-list ez-toc-list-level-1' ><li class='ez-toc-page-1 ez-toc-heading-level-1'><a class=\"ez-toc-link ez-toc-heading-1\" href=\"https:\/\/www.pabloalvarezcabanillas.com\/fr\/sobre-mi\/#Sobre_mi\" >Sobre m\u00ed<\/a><ul class='ez-toc-list-level-2' ><li class='ez-toc-heading-level-2'><a class=\"ez-toc-link ez-toc-heading-2\" href=\"https:\/\/www.pabloalvarezcabanillas.com\/fr\/sobre-mi\/#Hola_mi_nombre_es_Pablo\" >Hola, mi nombre es Pablo<\/a><\/li><\/ul><\/li><\/ul><\/nav><\/div>\n<h1><span class=\"ez-toc-section\" id=\"Sobre_mi\"><\/span>Sobre m\u00ed<span class=\"ez-toc-section-end\"><\/span><\/h1>\n<p>[\/et_pb_text][et_pb_text _builder_version=&#8221;4.16&#8243; _module_preset=&#8221;7262e956-c376-4aa6-9642-c413f71527d0&#8243; text_line_height=&#8221;1.8em&#8221; text_orientation=&#8221;center&#8221; max_width=&#8221;800px&#8221; module_alignment=&#8221;center&#8221; text_font_size_tablet=&#8221;&#8221; text_font_size_phone=&#8221;13px&#8221; text_font_size_last_edited=&#8221;on|phone&#8221; header_font_size_tablet=&#8221;55px&#8221; header_font_size_last_edited=&#8221;off|desktop&#8221; locked=&#8221;off&#8221; global_colors_info=&#8221;{}&#8221;]<\/p>\n<p>Transformando mi pasi\u00f3n por el anime y el manga en recomendaciones y noticias<\/p>\n<p>[\/et_pb_text][\/et_pb_column][\/et_pb_row][\/et_pb_section][et_pb_section fb_built=&#8221;1&#8243; admin_label=&#8221;About&#8221; _builder_version=&#8221;4.16&#8243; _module_preset=&#8221;default&#8221; background_color=&#8221;#FBF9F4&#8243; custom_padding=&#8221;0px||||false|false&#8221; global_colors_info=&#8221;{}&#8221;][et_pb_row column_structure=&#8221;1_2,1_2&#8243; custom_padding_last_edited=&#8221;on|phone&#8221; _builder_version=&#8221;4.16&#8243; _module_preset=&#8221;default&#8221; background_enable_color=&#8221;off&#8221; custom_padding=&#8221;0px|60px|0px|60px|true|true&#8221; custom_padding_tablet=&#8221;|0px||0px|true|true&#8221; custom_padding_phone=&#8221;||||true|false&#8221; global_colors_info=&#8221;{}&#8221;][et_pb_column type=&#8221;1_2&#8243; _builder_version=&#8221;4.16&#8243; _module_preset=&#8221;default&#8221; global_colors_info=&#8221;{}&#8221;][et_pb_image src=&#8221;https:\/\/www.pabloalvarezcabanillas.com\/wp-content\/uploads\/2025\/10\/IMG_20250714_200547-scaled.jpg&#8221; title_text=&#8221;IMG_20250714_200547&#8243; _builder_version=&#8221;4.27.4&#8243; _module_preset=&#8221;default&#8221; module_alignment_tablet=&#8221;center&#8221; module_alignment_last_edited=&#8221;off|desktop&#8221; global_colors_info=&#8221;{}&#8221;][\/et_pb_image][\/et_pb_column][et_pb_column type=&#8221;1_2&#8243; _builder_version=&#8221;4.16&#8243; _module_preset=&#8221;default&#8221; background_color=&#8221;#e3e1dd&#8221; transform_scale_tablet=&#8221;&#8221; transform_scale_phone=&#8221;&#8221; transform_scale_last_edited=&#8221;on|desktop&#8221; transform_translate=&#8221;-80px|80px&#8221; transform_translate_tablet=&#8221;0px|0px&#8221; transform_translate_phone=&#8221;&#8221; transform_translate_last_edited=&#8221;on|phone&#8221; transform_translate_linked=&#8221;off&#8221; transform_rotate_tablet=&#8221;&#8221; transform_rotate_phone=&#8221;&#8221; transform_rotate_last_edited=&#8221;on|desktop&#8221; transform_skew_tablet=&#8221;&#8221; transform_skew_phone=&#8221;&#8221; transform_skew_last_edited=&#8221;on|desktop&#8221; transform_origin_tablet=&#8221;&#8221; transform_origin_phone=&#8221;&#8221; transform_origin_last_edited=&#8221;on|desktop&#8221; transform_styles_last_edited=&#8221;on|phone&#8221; custom_padding=&#8221;40px|40px|40px|40px|true|true&#8221; custom_padding_tablet=&#8221;30px|30px|30px|30px|true|true&#8221; custom_padding_phone=&#8221;20px|20px|20px|20px|true|true&#8221; custom_padding_last_edited=&#8221;on|phone&#8221; transform_styles_tablet=&#8221;&#8221; transform_styles_phone=&#8221;&#8221; global_colors_info=&#8221;{}&#8221;][et_pb_text _builder_version=&#8221;4.16&#8243; _module_preset=&#8221;003e9429-8e11-4d9e-968b-8881092bbf81&#8243; header_2_font=&#8221;Vidaloka||||||||&#8221; header_2_text_color=&#8221;#161616&#8243; header_2_font_size=&#8221;40px&#8221; header_2_line_height=&#8221;1.35em&#8221; header_2_font_size_tablet=&#8221;30px&#8221; header_2_font_size_phone=&#8221;20px&#8221; header_2_font_size_last_edited=&#8221;on|desktop&#8221; locked=&#8221;off&#8221; global_colors_info=&#8221;{}&#8221;]<\/p>\n<h2><span class=\"ez-toc-section\" id=\"Hola_mi_nombre_es_Pablo\"><\/span>Hola, mi nombre es Pablo<span class=\"ez-toc-section-end\"><\/span><\/h2>\n<p>[\/et_pb_text][et_pb_text _builder_version=&#8221;4.27.4&#8243; _module_preset=&#8221;7262e956-c376-4aa6-9642-c413f71527d0&#8243; text_line_height=&#8221;1.8em&#8221; text_font_size_tablet=&#8221;&#8221; text_font_size_phone=&#8221;13px&#8221; text_font_size_last_edited=&#8221;on|phone&#8221; header_font_size_tablet=&#8221;55px&#8221; header_font_size_last_edited=&#8221;off|desktop&#8221; locked=&#8221;off&#8221; global_colors_info=&#8221;{}&#8221;]<\/p>\n<p>Soy periodista graduado y actualmente estoy cursando un m\u00e1ster en Marketing Digital.<br \/>En mi tiempo libre me encanta hacer deporte, ver anime y leer manga. Este proyecto nace de mi pasi\u00f3n por el mundo otaku y de la idea de compartir noticias, recomendaciones y reflexiones con otros amantes del anime y el manga.<br \/>Mi objetivo es ofrecer contenido interesante y \u00fatil para todos los que disfrutan de este fascinante mundo.<\/p>\n<p>[\/et_pb_text][\/et_pb_column][\/et_pb_row][et_pb_row column_structure=&#8221;1_4,1_4,1_4,1_4&#8243; use_custom_gutter=&#8221;on&#8221; gutter_width=&#8221;2&#8243; custom_padding_last_edited=&#8221;on|phone&#8221; _builder_version=&#8221;4.16&#8243; _module_preset=&#8221;default&#8221; background_color=&#8221;#FFFFFF&#8221; custom_margin=&#8221;-100px||||false|false&#8221; custom_padding=&#8221;140px|40px|40px|40px|false|true&#8221; custom_padding_tablet=&#8221;30px|30px|30px|30px|true|true&#8221; custom_padding_phone=&#8221;20px|20px|20px|20px|true|true&#8221; global_colors_info=&#8221;{}&#8221;][et_pb_column type=&#8221;1_4&#8243; _builder_version=&#8221;4.16&#8243; _module_preset=&#8221;default&#8221; global_colors_info=&#8221;{}&#8221;][et_pb_blurb title=&#8221;Espero poder un d\u00eda visitar&#8221; image=&#8221;https:\/\/www.pabloalvarezcabanillas.com\/wp-content\/uploads\/2025\/10\/index.jpg&#8221; _builder_version=&#8221;4.27.4&#8243; _module_preset=&#8221;default&#8221; header_font=&#8221;|700|||||||&#8221; header_text_align=&#8221;center&#8221; header_text_color=&#8221;#666666&#8243; header_font_size=&#8221;14px&#8221; header_line_height=&#8221;1.2em&#8221; body_font=&#8221;Vidaloka||||||||&#8221; body_text_align=&#8221;center&#8221; body_text_color=&#8221;#161616&#8243; body_font_size=&#8221;24px&#8221; body_line_height=&#8221;1.8em&#8221; body_font_size_tablet=&#8221;20px&#8221; body_font_size_phone=&#8221;18px&#8221; body_font_size_last_edited=&#8221;on|phone&#8221; global_colors_info=&#8221;{}&#8221;]<\/p>\n<p>Jap\u00f3n<\/p>\n<p>[\/et_pb_blurb][\/et_pb_column][et_pb_column type=&#8221;1_4&#8243; _builder_version=&#8221;4.16&#8243; _module_preset=&#8221;default&#8221; global_colors_info=&#8221;{}&#8221;][et_pb_blurb title=&#8221;Actualmente estoy viviendo en&#8221; image=&#8221;https:\/\/www.pabloalvarezcabanillas.com\/wp-content\/uploads\/2025\/10\/Madrid-Sunset-Panorama-1.jpg&#8221; _builder_version=&#8221;4.27.4&#8243; _module_preset=&#8221;default&#8221; header_font=&#8221;|700|||||||&#8221; header_text_align=&#8221;center&#8221; header_text_color=&#8221;#666666&#8243; header_font_size=&#8221;14px&#8221; header_line_height=&#8221;1.2em&#8221; body_font=&#8221;Vidaloka||||||||&#8221; body_text_align=&#8221;center&#8221; body_text_color=&#8221;#161616&#8243; body_font_size=&#8221;24px&#8221; body_line_height=&#8221;1.8em&#8221; body_font_size_tablet=&#8221;20px&#8221; body_font_size_phone=&#8221;18px&#8221; body_font_size_last_edited=&#8221;on|phone&#8221; locked=&#8221;off&#8221; global_colors_info=&#8221;{}&#8221;]<\/p>\n<p>Madrid<\/p>\n<p>[\/et_pb_blurb][\/et_pb_column][et_pb_column type=&#8221;1_4&#8243; _builder_version=&#8221;4.16&#8243; _module_preset=&#8221;default&#8221; global_colors_info=&#8221;{}&#8221;][et_pb_blurb title=&#8221;Mi anime favorito es&#8221; image=&#8221;https:\/\/www.pabloalvarezcabanillas.com\/wp-content\/uploads\/2025\/10\/Kuzuryu_High_Team-1.jpg&#8221; _builder_version=&#8221;4.27.4&#8243; _module_preset=&#8221;default&#8221; header_font=&#8221;|700|||||||&#8221; header_text_align=&#8221;center&#8221; header_text_color=&#8221;#666666&#8243; header_font_size=&#8221;14px&#8221; header_line_height=&#8221;1.2em&#8221; body_font=&#8221;Vidaloka||||||||&#8221; body_text_align=&#8221;center&#8221; body_text_color=&#8221;#161616&#8243; body_font_size=&#8221;24px&#8221; body_line_height=&#8221;1.8em&#8221; body_font_size_tablet=&#8221;20px&#8221; body_font_size_phone=&#8221;18px&#8221; body_font_size_last_edited=&#8221;on|phone&#8221; locked=&#8221;off&#8221; global_colors_info=&#8221;{}&#8221;]<\/p>\n<p>Ahiru no Sora<\/p>\n<p>[\/et_pb_blurb][\/et_pb_column][et_pb_column type=&#8221;1_4&#8243; _builder_version=&#8221;4.16&#8243; _module_preset=&#8221;default&#8221; global_colors_info=&#8221;{}&#8221;][et_pb_blurb title=&#8221;Mi comida favorita es la&#8221; image=&#8221;https:\/\/www.pabloalvarezcabanillas.com\/wp-content\/uploads\/2025\/10\/pizza-margarita-1024&#215;683-1.jpg&#8221; _builder_version=&#8221;4.27.4&#8243; _module_preset=&#8221;default&#8221; header_font=&#8221;|700|||||||&#8221; header_text_align=&#8221;center&#8221; header_text_color=&#8221;#666666&#8243; header_font_size=&#8221;14px&#8221; header_line_height=&#8221;1.2em&#8221; body_font=&#8221;Vidaloka||||||||&#8221; body_text_align=&#8221;center&#8221; body_text_color=&#8221;#161616&#8243; body_font_size=&#8221;24px&#8221; body_line_height=&#8221;1.8em&#8221; body_font_size_tablet=&#8221;20px&#8221; body_font_size_phone=&#8221;18px&#8221; body_font_size_last_edited=&#8221;on|phone&#8221; locked=&#8221;off&#8221; global_colors_info=&#8221;{}&#8221;]<\/p>\n<p>Pizza<\/p>\n<p>[\/et_pb_blurb][\/et_pb_column][\/et_pb_row][\/et_pb_section]<\/p>","protected":false},"excerpt":{"rendered":"<p>Sobre m\u00edTransformando mi pasi\u00f3n por el anime y el manga en recomendaciones y noticiasHola, mi nombre es PabloSoy periodista graduado y actualmente estoy cursando un m\u00e1ster en Marketing Digital.En mi tiempo libre me encanta hacer deporte, ver anime y leer manga. Este proyecto nace de mi pasi\u00f3n por el mundo otaku y de la idea [&hellip;]<\/p>","protected":false},"author":1,"featured_media":0,"parent":0,"menu_order":0,"comment_status":"closed","ping_status":"closed","template":"","meta":{"_et_pb_use_builder":"on","_et_pb_old_content":"","_et_gb_content_width":"","footnotes":""},"class_list":["post-132","page","type-page","status-publish","hentry"],"yoast_head":"<!-- This site is optimized with the Yoast SEO plugin v26.2 - https:\/\/yoast.com\/wordpress\/plugins\/seo\/ -->\n<title>Sobre m\u00ed - Pablo \u00c1lvarez<\/title>\n<meta name=\"robots\" content=\"index, follow, max-snippet:-1, max-image-preview:large, max-video-preview:-1\" \/>\n<link rel=\"canonical\" href=\"https:\/\/www.pabloalvarezcabanillas.com\/fr\/sobre-mi\/\" \/>\n<meta property=\"og:locale\" content=\"fr_FR\" \/>\n<meta property=\"og:type\" content=\"article\" \/>\n<meta property=\"og:title\" content=\"Sobre m\u00ed - Pablo \u00c1lvarez\" \/>\n<meta property=\"og:description\" content=\"Sobre m\u00edTransformando mi pasi\u00f3n por el anime y el manga en recomendaciones y noticiasHola, mi nombre es PabloSoy periodista graduado y actualmente estoy cursando un m\u00e1ster en Marketing Digital.En mi tiempo libre me encanta hacer deporte, ver anime y leer manga. Este proyecto nace de mi pasi\u00f3n por el mundo otaku y de la idea [&hellip;]\" \/>\n<meta property=\"og:url\" content=\"https:\/\/www.pabloalvarezcabanillas.com\/fr\/sobre-mi\/\" \/>\n<meta property=\"og:site_name\" content=\"Pablo \u00c1lvarez\" \/>\n<meta property=\"article:modified_time\" content=\"2025-10-30T18:09:18+00:00\" \/>\n<meta name=\"twitter:card\" content=\"summary_large_image\" \/>\n<meta name=\"twitter:label1\" content=\"Dur\u00e9e de lecture estim\u00e9e\" \/>\n\t<meta name=\"twitter:data1\" content=\"6 minutes\" \/>\n<script type=\"application\/ld+json\" class=\"yoast-schema-graph\">{\"@context\":\"https:\/\/schema.org\",\"@graph\":[{\"@type\":\"WebPage\",\"@id\":\"https:\/\/www.pabloalvarezcabanillas.com\/sobre-mi\/\",\"url\":\"https:\/\/www.pabloalvarezcabanillas.com\/sobre-mi\/\",\"name\":\"Sobre m\u00ed - Pablo \u00c1lvarez\",\"isPartOf\":{\"@id\":\"https:\/\/www.pabloalvarezcabanillas.com\/#website\"},\"datePublished\":\"2025-10-30T18:08:36+00:00\",\"dateModified\":\"2025-10-30T18:09:18+00:00\",\"breadcrumb\":{\"@id\":\"https:\/\/www.pabloalvarezcabanillas.com\/sobre-mi\/#breadcrumb\"},\"inLanguage\":\"fr-FR\",\"potentialAction\":[{\"@type\":\"ReadAction\",\"target\":[\"https:\/\/www.pabloalvarezcabanillas.com\/sobre-mi\/\"]}]},{\"@type\":\"BreadcrumbList\",\"@id\":\"https:\/\/www.pabloalvarezcabanillas.com\/sobre-mi\/#breadcrumb\",\"itemListElement\":[{\"@type\":\"ListItem\",\"position\":1,\"name\":\"Portada\",\"item\":\"https:\/\/www.pabloalvarezcabanillas.com\/\"},{\"@type\":\"ListItem\",\"position\":2,\"name\":\"Sobre m\u00ed\"}]},{\"@type\":\"WebSite\",\"@id\":\"https:\/\/www.pabloalvarezcabanillas.com\/#website\",\"url\":\"https:\/\/www.pabloalvarezcabanillas.com\/\",\"name\":\"Pablo \u00c1lvarez\",\"description\":\"Web de Pablo\",\"potentialAction\":[{\"@type\":\"SearchAction\",\"target\":{\"@type\":\"EntryPoint\",\"urlTemplate\":\"https:\/\/www.pabloalvarezcabanillas.com\/?s={search_term_string}\"},\"query-input\":{\"@type\":\"PropertyValueSpecification\",\"valueRequired\":true,\"valueName\":\"search_term_string\"}}],\"inLanguage\":\"fr-FR\"}]}<\/script>\n<!-- \/ Yoast SEO plugin. -->","yoast_head_json":{"title":"Sobre m\u00ed - Pablo \u00c1lvarez","robots":{"index":"index","follow":"follow","max-snippet":"max-snippet:-1","max-image-preview":"max-image-preview:large","max-video-preview":"max-video-preview:-1"},"canonical":"https:\/\/www.pabloalvarezcabanillas.com\/fr\/sobre-mi\/","og_locale":"fr_FR","og_type":"article","og_title":"Sobre m\u00ed - Pablo \u00c1lvarez","og_description":"Sobre m\u00edTransformando mi pasi\u00f3n por el anime y el manga en recomendaciones y noticiasHola, mi nombre es PabloSoy periodista graduado y actualmente estoy cursando un m\u00e1ster en Marketing Digital.En mi tiempo libre me encanta hacer deporte, ver anime y leer manga. Este proyecto nace de mi pasi\u00f3n por el mundo otaku y de la idea [&hellip;]","og_url":"https:\/\/www.pabloalvarezcabanillas.com\/fr\/sobre-mi\/","og_site_name":"Pablo \u00c1lvarez","article_modified_time":"2025-10-30T18:09:18+00:00","twitter_card":"summary_large_image","twitter_misc":{"Dur\u00e9e de lecture estim\u00e9e":"6 minutes"},"schema":{"@context":"https:\/\/schema.org","@graph":[{"@type":"WebPage","@id":"https:\/\/www.pabloalvarezcabanillas.com\/sobre-mi\/","url":"https:\/\/www.pabloalvarezcabanillas.com\/sobre-mi\/","name":"Sobre m\u00ed - Pablo \u00c1lvarez","isPartOf":{"@id":"https:\/\/www.pabloalvarezcabanillas.com\/#website"},"datePublished":"2025-10-30T18:08:36+00:00","dateModified":"2025-10-30T18:09:18+00:00","breadcrumb":{"@id":"https:\/\/www.pabloalvarezcabanillas.com\/sobre-mi\/#breadcrumb"},"inLanguage":"fr-FR","potentialAction":[{"@type":"ReadAction","target":["https:\/\/www.pabloalvarezcabanillas.com\/sobre-mi\/"]}]},{"@type":"BreadcrumbList","@id":"https:\/\/www.pabloalvarezcabanillas.com\/sobre-mi\/#breadcrumb","itemListElement":[{"@type":"ListItem","position":1,"name":"Portada","item":"https:\/\/www.pabloalvarezcabanillas.com\/"},{"@type":"ListItem","position":2,"name":"Sobre m\u00ed"}]},{"@type":"WebSite","@id":"https:\/\/www.pabloalvarezcabanillas.com\/#website","url":"https:\/\/www.pabloalvarezcabanillas.com\/","name":"Pablo \u00c1lvarez","description":"Web de Pablo","potentialAction":[{"@type":"SearchAction","target":{"@type":"EntryPoint","urlTemplate":"https:\/\/www.pabloalvarezcabanillas.com\/?s={search_term_string}"},"query-input":{"@type":"PropertyValueSpecification","valueRequired":true,"valueName":"search_term_string"}}],"inLanguage":"fr-FR"}]}},"_links":{"self":[{"href":"https:\/\/www.pabloalvarezcabanillas.com\/fr\/wp-json\/wp\/v2\/pages\/132","targetHints":{"allow":["GET"]}}],"collection":[{"href":"https:\/\/www.pabloalvarezcabanillas.com\/fr\/wp-json\/wp\/v2\/pages"}],"about":[{"href":"https:\/\/www.pabloalvarezcabanillas.com\/fr\/wp-json\/wp\/v2\/types\/page"}],"author":[{"embeddable":true,"href":"https:\/\/www.pabloalvarezcabanillas.com\/fr\/wp-json\/wp\/v2\/users\/1"}],"replies":[{"embeddable":true,"href":"https:\/\/www.pabloalvarezcabanillas.com\/fr\/wp-json\/wp\/v2\/comments?post=132"}],"version-history":[{"count":3,"href":"https:\/\/www.pabloalvarezcabanillas.com\/fr\/wp-json\/wp\/v2\/pages\/132\/revisions"}],"predecessor-version":[{"id":146,"href":"https:\/\/www.pabloalvarezcabanillas.com\/fr\/wp-json\/wp\/v2\/pages\/132\/revisions\/146"}],"wp:attachment":[{"href":"https:\/\/www.pabloalvarezcabanillas.com\/fr\/wp-json\/wp\/v2\/media?parent=132"}],"curies":[{"name":"wp","href":"https:\/\/api.w.org\/{rel}","templated":true}]}}